{"id":22,"date":"2025-09-02T08:54:35","date_gmt":"2025-09-02T08:54:35","guid":{"rendered":"https:\/\/next26700.elev.nextkbh.dk\/?page_id=22"},"modified":"2025-09-03T11:25:15","modified_gmt":"2025-09-03T11:25:15","slug":"about-me","status":"publish","type":"page","link":"https:\/\/next26700.elev.nextkbh.dk\/?page_id=22","title":{"rendered":"OM MIG"},"content":{"rendered":"\n<p>Mit navn er Asger Tomfrid Nielsen, jeg er 26 \u00e5r og arbejder til daglig hos reklamebureauet BrandMe, hvor jeg er med til at l\u00f8se opgaver, der sp\u00e6nder fra trykte produktioner til digitale l\u00f8sninger. Jeg br\u00e6nder for grafisk design og nyder at skabe visuelle udtryk, der b\u00e5de er funktionelle og \u00e6stetiske.<\/p>\n\n\n\n<p><br>N\u00e5r jeg ikke sidder foran sk\u00e6rmen, kan jeg ofte findes p\u00e5 Amager, hvor jeg tr\u00e6ner parkour \u2013 en sport der ligesom mit arbejde kr\u00e6ver b\u00e5de kreativitet, pr\u00e6cision og mod. Jeg har ogs\u00e5 en firbenet tr\u00e6ningsmakker, min hund Munken, som f\u00f8lger mig trofast i hverdagen.<\/p>\n\n\n\n<div style=\"height:62px\" aria-hidden=\"true\" class=\"wp-block-spacer\"><\/div>\n\n\n\n<div class=\"wp-block-columns is-layout-flex wp-container-core-columns-is-layout-28f84493 wp-block-columns-is-layout-flex\">\n<div class=\"wp-block-column is-layout-flow wp-block-column-is-layout-flow\">\n<figure class=\"wp-block-image size-large\"><img loading=\"lazy\" decoding=\"async\" width=\"1024\" height=\"595\" src=\"https:\/\/next26700.elev.nextkbh.dk\/wp-content\/uploads\/2025\/09\/asger-portraet-1024x595.jpg\" alt=\"\" class=\"wp-image-67\" srcset=\"https:\/\/next26700.elev.nextkbh.dk\/wp-content\/uploads\/2025\/09\/asger-portraet-1024x595.jpg 1024w, https:\/\/next26700.elev.nextkbh.dk\/wp-content\/uploads\/2025\/09\/asger-portraet-300x174.jpg 300w, https:\/\/next26700.elev.nextkbh.dk\/wp-content\/uploads\/2025\/09\/asger-portraet-768x446.jpg 768w, https:\/\/next26700.elev.nextkbh.dk\/wp-content\/uploads\/2025\/09\/asger-portraet-1536x892.jpg 1536w, https:\/\/next26700.elev.nextkbh.dk\/wp-content\/uploads\/2025\/09\/asger-portraet.jpg 1920w\" sizes=\"auto, (max-width: 1024px) 100vw, 1024px\" \/><\/figure>\n<\/div>\n\n\n\n<div class=\"wp-block-column is-layout-flow wp-block-column-is-layout-flow\">\n<div style=\"height:100px\" aria-hidden=\"true\" class=\"wp-block-spacer\"><\/div>\n\n\n\n<blockquote class=\"wp-block-quote is-layout-flow wp-block-quote-is-layout-flow\">\n<p class=\"has-large-font-size\"><strong><em>&#8220;Jeg br\u00e6nder for grafisk design og nyder at skabe visuelle udtryk, der b\u00e5de er funktionelle og \u00e6stetiske.&#8221;<\/em><\/strong><\/p>\n<\/blockquote>\n<\/div>\n<\/div>\n\n\n\n<div style=\"height:100px\" aria-hidden=\"true\" class=\"wp-block-spacer\"><\/div>\n\n\n\n<h2 class=\"wp-block-heading has-black-color has-text-color has-link-color has-large-font-size wp-elements-611013eb3a67b5cfd7b2a0fdfa337fd8\">KONTAKT <\/h2>\n\n\n\n<p>I er velkomne til at smide mig en mail eller give mig et kald. <br>Jeg gl\u00e6der mig til at h\u00f8re fra jer. <\/p>\n\n\n\n<p><strong>ATN@brandme.com<br>+1234567890<\/strong><\/p>\n\n\n\n<p><\/p>\n\n\n<style id=\"wpforms-css-vars-213-block-139ad413-ae03-462d-8b1d-e2a4dfbc9424\">\n\t\t\t\t#wpforms-213.wpforms-block-139ad413-ae03-462d-8b1d-e2a4dfbc9424 {\n\t\t\t\t--wpforms-field-size-input-height: 43px;\n--wpforms-field-size-input-spacing: 15px;\n--wpforms-field-size-font-size: 16px;\n--wpforms-field-size-line-height: 19px;\n--wpforms-field-size-padding-h: 14px;\n--wpforms-field-size-checkbox-size: 16px;\n--wpforms-field-size-sublabel-spacing: 5px;\n--wpforms-field-size-icon-size: 1;\n--wpforms-label-size-font-size: 16px;\n--wpforms-label-size-line-height: 19px;\n--wpforms-label-size-sublabel-font-size: 14px;\n--wpforms-label-size-sublabel-line-height: 17px;\n--wpforms-button-size-font-size: 17px;\n--wpforms-button-size-height: 41px;\n--wpforms-button-size-padding-h: 15px;\n--wpforms-button-size-margin-top: 10px;\n\n\t\t\t}\n\t\t\t<\/style><div class=\"wpforms-container wpforms-container-full wpforms-block wpforms-block-139ad413-ae03-462d-8b1d-e2a4dfbc9424 wpforms-render-modern\" id=\"wpforms-213\"><form id=\"wpforms-form-213\" class=\"wpforms-validate wpforms-form wpforms-ajax-form\" data-formid=\"213\" method=\"post\" enctype=\"multipart\/form-data\" action=\"\/index.php?rest_route=%2Fwp%2Fv2%2Fpages%2F22\" data-token=\"db219322093b439fe3c1975874d96aa7\" data-token-time=\"1778932182\"><noscript class=\"wpforms-error-noscript\">Please enable JavaScript in your browser to complete this form.<\/noscript><div id=\"wpforms-error-noscript\" style=\"display: none;\">Please enable JavaScript in your browser to complete this form.<\/div><div class=\"wpforms-field-container\">\t\t<div id=\"wpforms-213-field_4-container\"\n\t\t\tclass=\"wpforms-field wpforms-field-text\"\n\t\t\tdata-field-type=\"text\"\n\t\t\tdata-field-id=\"4\"\n\t\t\t>\n\t\t\t<label class=\"wpforms-field-label\" for=\"wpforms-213-field_4\" >Navn Email Besked<\/label>\n\t\t\t<input type=\"text\" id=\"wpforms-213-field_4\" class=\"wpforms-field-medium\" name=\"wpforms[fields][4]\" >\n\t\t<\/div>\n\t\t<div id=\"wpforms-213-field_1-container\" class=\"wpforms-field wpforms-field-name\" data-field-id=\"1\"><fieldset><legend class=\"wpforms-field-label\">Navn <span class=\"wpforms-required-label\" aria-hidden=\"true\">*<\/span><\/legend><div class=\"wpforms-field-row wpforms-field-medium\"><div class=\"wpforms-field-row-block wpforms-first wpforms-one-half\"><input type=\"text\" id=\"wpforms-213-field_1\" class=\"wpforms-field-name-first wpforms-field-required\" name=\"wpforms[fields][1][first]\" aria-errormessage=\"wpforms-213-field_1-error\" required><label for=\"wpforms-213-field_1\" class=\"wpforms-field-sublabel after\">First<\/label><\/div><div class=\"wpforms-field-row-block wpforms-one-half\"><input type=\"text\" id=\"wpforms-213-field_1-last\" class=\"wpforms-field-name-last wpforms-field-required\" name=\"wpforms[fields][1][last]\" aria-errormessage=\"wpforms-213-field_1-last-error\" required><label for=\"wpforms-213-field_1-last\" class=\"wpforms-field-sublabel after\">Last<\/label><\/div><\/div><\/fieldset><\/div><div id=\"wpforms-213-field_2-container\" class=\"wpforms-field wpforms-field-email\" data-field-id=\"2\"><label class=\"wpforms-field-label\" for=\"wpforms-213-field_2\">Email <span class=\"wpforms-required-label\" aria-hidden=\"true\">*<\/span><\/label><input type=\"email\" id=\"wpforms-213-field_2\" class=\"wpforms-field-medium wpforms-field-required\" name=\"wpforms[fields][2]\" spellcheck=\"false\" aria-errormessage=\"wpforms-213-field_2-error\" required><\/div><div id=\"wpforms-213-field_3-container\" class=\"wpforms-field wpforms-field-textarea\" data-field-id=\"3\"><label class=\"wpforms-field-label\" for=\"wpforms-213-field_3\">Besked<\/label><textarea id=\"wpforms-213-field_3\" class=\"wpforms-field-medium\" name=\"wpforms[fields][3]\" aria-errormessage=\"wpforms-213-field_3-error\" ><\/textarea><\/div><script>\n\t\t\t\t( function() {\n\t\t\t\t\tconst style = document.createElement( 'style' );\n\t\t\t\t\tstyle.appendChild( document.createTextNode( '#wpforms-213-field_4-container { position: absolute !important; overflow: hidden !important; display: inline !important; height: 1px !important; width: 1px !important; z-index: -1000 !important; padding: 0 !important; } #wpforms-213-field_4-container input { visibility: hidden; } #wpforms-conversational-form-page #wpforms-213-field_4-container label { counter-increment: none; }' ) );\n\t\t\t\t\tdocument.head.appendChild( style );\n\t\t\t\t\tdocument.currentScript?.remove();\n\t\t\t\t} )();\n\t\t\t<\/script><\/div><!-- .wpforms-field-container --><div class=\"wpforms-submit-container\" ><input type=\"hidden\" name=\"wpforms[id]\" value=\"213\"><input type=\"hidden\" name=\"page_title\" value=\"\"><input type=\"hidden\" name=\"page_url\" value=\"https:\/\/next26700.elev.nextkbh.dk\/index.php?rest_route=\/wp\/v2\/pages\/22\"><input type=\"hidden\" name=\"url_referer\" value=\"\"><button type=\"submit\" name=\"wpforms[submit]\" id=\"wpforms-submit-213\" class=\"wpforms-submit\" data-alt-text=\"Sending...\" data-submit-text=\"Indsend\" aria-live=\"assertive\" value=\"wpforms-submit\">Indsend<\/button><img loading=\"lazy\" decoding=\"async\" src=\"https:\/\/next26700.elev.nextkbh.dk\/wp-content\/plugins\/wpforms-lite\/assets\/images\/submit-spin.svg\" class=\"wpforms-submit-spinner\" style=\"display: none;\" width=\"26\" height=\"26\" alt=\"Loading\"><\/div><\/form><\/div>  <!-- .wpforms-container -->","protected":false},"excerpt":{"rendered":"<p>Mit navn er Asger Tomfrid Nielsen, jeg er 26 \u00e5r og arbejder til daglig hos reklamebureauet BrandMe, hvor jeg er med til at l\u00f8se opgaver, der sp\u00e6nder fra trykte produktioner til digitale l\u00f8sninger. Jeg br\u00e6nder for grafisk design og nyder at skabe visuelle udtryk, der b\u00e5de er funktionelle og \u00e6stetiske. N\u00e5r jeg ikke sidder foran [&hellip;]<\/p>\n","protected":false},"author":1,"featured_media":0,"parent":0,"menu_order":0,"comment_status":"closed","ping_status":"closed","template":"","meta":{"footnotes":""},"class_list":["post-22","page","type-page","status-publish","hentry"],"_links":{"self":[{"href":"https:\/\/next26700.elev.nextkbh.dk\/index.php?rest_route=\/wp\/v2\/pages\/22","targetHints":{"allow":["GET"]}}],"collection":[{"href":"https:\/\/next26700.elev.nextkbh.dk\/index.php?rest_route=\/wp\/v2\/pages"}],"about":[{"href":"https:\/\/next26700.elev.nextkbh.dk\/index.php?rest_route=\/wp\/v2\/types\/page"}],"author":[{"embeddable":true,"href":"https:\/\/next26700.elev.nextkbh.dk\/index.php?rest_route=\/wp\/v2\/users\/1"}],"replies":[{"embeddable":true,"href":"https:\/\/next26700.elev.nextkbh.dk\/index.php?rest_route=%2Fwp%2Fv2%2Fcomments&post=22"}],"version-history":[{"count":20,"href":"https:\/\/next26700.elev.nextkbh.dk\/index.php?rest_route=\/wp\/v2\/pages\/22\/revisions"}],"predecessor-version":[{"id":220,"href":"https:\/\/next26700.elev.nextkbh.dk\/index.php?rest_route=\/wp\/v2\/pages\/22\/revisions\/220"}],"wp:attachment":[{"href":"https:\/\/next26700.elev.nextkbh.dk\/index.php?rest_route=%2Fwp%2Fv2%2Fmedia&parent=22"}],"curies":[{"name":"wp","href":"https:\/\/api.w.org\/{rel}","templated":true}]}}